{"id":400,"date":"2026-03-09T21:09:23","date_gmt":"2026-03-09T21:09:23","guid":{"rendered":"https:\/\/roxanasaraidetrinidad.fpcei.eu\/?page_id=400"},"modified":"2026-03-10T00:44:59","modified_gmt":"2026-03-10T00:44:59","slug":"contactanos","status":"publish","type":"page","link":"https:\/\/roxanasaraidetrinidad.fpcei.eu\/?page_id=400","title":{"rendered":"Cont\u00e1ctanos"},"content":{"rendered":"\n<p>Si quieres m\u00e1s informaci\u00f3n sobre ConectArte, cont\u00e1ctanos mediante el formulario o visita nuestra sede en el mapa a continuaci\u00f3n:<\/p>\n\n\n\n<div class=\"wp-block-columns is-layout-flex wp-container-core-columns-is-layout-28f84493 wp-block-columns-is-layout-flex\">\n<div class=\"wp-block-column is-layout-flow wp-block-column-is-layout-flow\"><div class=\"frm_forms  with_frm_style frm_style_estilo-de-formidable\" id=\"frm_form_2_container\" data-token=\"fb3dfe71468fedf644eaac01f85e64e9\">\n<form enctype=\"multipart\/form-data\" method=\"post\" class=\"frm-show-form \" id=\"form_contacto\" data-token=\"fb3dfe71468fedf644eaac01f85e64e9\">\n<div class=\"frm_form_fields \">\n<fieldset>\n<legend class=\"frm_screen_reader\">Contacto<\/legend>\r\n\r\n<div class=\"frm_fields_container\">\n<input type=\"hidden\" name=\"frm_action\" value=\"create\" \/>\n<input type=\"hidden\" name=\"form_id\" value=\"2\" \/>\n<input type=\"hidden\" name=\"frm_hide_fields_2\" id=\"frm_hide_fields_2\" value=\"\" \/>\n<input type=\"hidden\" name=\"form_key\" value=\"contacto\" \/>\n<input type=\"hidden\" name=\"item_meta[0]\" value=\"\" \/>\n<input type=\"hidden\" id=\"frm_submit_entry_2\" name=\"frm_submit_entry_2\" value=\"798d37d399\" \/><input type=\"hidden\" name=\"_wp_http_referer\" value=\"\/index.php?rest_route=%2Fwp%2Fv2%2Fpages%2F400\" \/><div id=\"frm_field_8_container\" class=\"frm_form_field form-field  frm_required_field frm_left_container\">\r\n\t<label for=\"field_hpg8o\" id=\"field_hpg8o_label\" class=\"frm_primary_label\">Nombre y apellidos\r\n\t\t<span class=\"frm_required\" aria-hidden=\"true\">*<\/span>\r\n\t<\/label>\r\n\t<input type=\"text\" id=\"field_hpg8o\" name=\"item_meta[8]\" value=\"\"  style=\"width:80%\" maxlength=\"20\" data-reqmsg=\"Nombre y apellidos no puede estar en blanco.\" aria-required=\"true\" data-invmsg=\"Nombre y apellidos no es v\u00e1lido\" class=\"auto_width\" aria-invalid=\"false\"   aria-describedby=\"frm_desc_field_hpg8o\"\/>\r\n\t<div class=\"frm_description\" id=\"frm_desc_field_hpg8o\">Indica tu nombre y apellido<\/div>\r\n\t\r\n<\/div>\n<div id=\"frm_field_9_container\" class=\"frm_form_field form-field  frm_required_field frm_top_container\">\r\n\t<label for=\"field_q83vr\" id=\"field_q83vr_label\" class=\"frm_primary_label\">Correo electr\u00f3nico\r\n\t\t<span class=\"frm_required\" aria-hidden=\"true\">*<\/span>\r\n\t<\/label>\r\n\t<input type=\"email\" id=\"field_q83vr\" name=\"item_meta[9]\" value=\"\"  style=\"width:80%\" maxlength=\"100\" data-reqmsg=\"Correo electr\u00f3nico no puede estar en blanco.\" aria-required=\"true\" data-invmsg=\"Correo electr\u00f3nico no es v\u00e1lido\" class=\"auto_width\" aria-invalid=\"false\"   aria-describedby=\"frm_desc_field_q83vr\"\/>\r\n\t<div class=\"frm_description\" id=\"frm_desc_field_q83vr\">Introduce un email valido<\/div>\r\n\t\r\n<\/div>\n<div id=\"frm_field_10_container\" class=\"frm_form_field form-field  frm_required_field frm_top_container\">\r\n\t<label for=\"field_h655n\" id=\"field_h655n_label\" class=\"frm_primary_label\">Tel\u00e9fono\r\n\t\t<span class=\"frm_required\" aria-hidden=\"true\">*<\/span>\r\n\t<\/label>\r\n\t<input type=\"tel\" id=\"field_h655n\" name=\"item_meta[10]\" value=\"\"  maxlength=\"12\" data-reqmsg=\"Tel\u00e9fono no puede estar en blanco.\" aria-required=\"true\" data-invmsg=\"Tel\u00e9fono no es v\u00e1lido\" aria-invalid=\"false\" pattern=\"\\d\\d\\d\\d\\d\\d\\d\\d\\d$\"   aria-describedby=\"frm_desc_field_h655n\"\/>\r\n\t<div class=\"frm_description\" id=\"frm_desc_field_h655n\">ejemplo 968890564<\/div>\r\n\t\r\n<\/div>\n<div id=\"frm_field_11_container\" class=\"frm_form_field form-field  frm_top_container\">\r\n\t<label for=\"field_ttdj0\" id=\"field_ttdj0_label\" class=\"frm_primary_label\">Comentario\r\n\t\t<span class=\"frm_required\" aria-hidden=\"true\"><\/span>\r\n\t<\/label>\r\n\t<textarea name=\"item_meta[11]\" id=\"field_ttdj0\" rows=\"5\"  data-invmsg=\"Comentario no es v\u00e1lido\" aria-invalid=\"false\"  ><\/textarea>\r\n\t\r\n\t\r\n<\/div>\n<input type=\"hidden\" id=\"field_9axg0\" name=\"item_meta[12]\" value=\"2026\"  data-frmval=\"2026\"  \/><div id=\"frm_field_13_container\" class=\"frm_form_field form-field  frm_none_container\">\r\n\t<label for=\"g-recaptcha-response\" id=\"field_9pw5d_label\" class=\"frm_primary_label\">Captcha\r\n\t\t<span class=\"frm_required\" aria-hidden=\"true\"><\/span>\r\n\t<\/label>\r\n\t<div  id=\"field_9pw5d\" class=\"frm-g-recaptcha\" data-sitekey=\"6LdJ61EsAAAAAKmUZQKec7IjUWrmbnfyGGzT18iT\" data-size=\"invisible\" data-theme=\"light\"><\/div>\r\n\t\r\n\t\r\n<\/div>\n<div id=\"frm_field_7_container\" class=\"frm_form_field form-field \">\r\n\t<div class=\"frm_submit frm_flex\">\r\n<button class=\"frm_button_submit\" type=\"submit\"  >Enviar<\/button>\r\n\r\n\r\n\r\n<\/div>\r\n<\/div>\n\t<input type=\"hidden\" name=\"item_key\" value=\"\" \/>\n\t\t\t<div id=\"frm_field_25_container\">\n\t\t\t<label for=\"field_8sly6\" >\n\t\t\t\tSi eres humano, deja este campo en blanco.\t\t\t<\/label>\n\t\t\t<input  id=\"field_8sly6\" type=\"text\" class=\"frm_form_field form-field frm_verify\" name=\"item_meta[25]\" value=\"\"  \/>\n\t\t<\/div>\n\t\t<input name=\"frm_state\" type=\"hidden\" value=\"4sUOwGNYtRUawqVq\/jvUgAT3TcMLDEwM4JUY45Vh4jM=\" \/><\/div>\n<\/fieldset>\n<\/div>\n\n<\/form>\n<\/div>\n<\/div>\n\n\n\n<div class=\"wp-block-column is-layout-flow wp-block-column-is-layout-flow\">\n<div class=\"wp-block-group alignfull is-content-justification-center is-layout-constrained wp-block-group-is-layout-constrained\" style=\"margin-top:0;margin-bottom:0\">\n<div style=\"height:var(--wp--preset--spacing--20)\" aria-hidden=\"true\" class=\"wp-block-spacer\"><\/div>\n\n\n\n<div class=\"wp-block-group alignwide is-layout-flow wp-block-group-is-layout-flow\">\n<div class=\"wp-block-columns alignwide are-vertically-aligned-top is-layout-flex wp-container-core-columns-is-layout-5c8fb865 wp-block-columns-is-layout-flex\">\n<div class=\"wp-block-column is-vertically-aligned-top is-content-justification-left is-layout-constrained wp-container-core-column-is-layout-95996b15 wp-block-column-is-layout-constrained\">\n<h2 class=\"wp-block-heading\">             <em> Horario<\/em><\/h2>\n<\/div>\n\n\n\n<div class=\"wp-block-column is-vertically-aligned-top is-layout-flow wp-block-column-is-layout-flow\" style=\"flex-basis:40%\">\n<p>Lunes a Viernes: 16:00- 20:00<\/p>\n\n\n\n<p>S\u00e1bados-Domingos: 10:00-14:15<\/p>\n<\/div>\n<\/div>\n\n\n\n<div style=\"height:var(--wp--preset--spacing--20)\" aria-hidden=\"true\" class=\"wp-block-spacer\"><\/div>\n<\/div>\n\n\n\n<div style=\"height:var(--wp--preset--spacing--20)\" aria-hidden=\"true\" class=\"wp-block-spacer\"><\/div>\n<\/div>\n\n\n\n<iframe src=\"https:\/\/www.google.com\/maps\/embed?pb=!1m18!1m12!1m3!1d12579.202872403726!2d-1.1481519250870729!3d37.9817797626538!2m3!1f0!2f0!3f0!3m2!1i1024!2i768!4f13.1!3m3!1m2!1s0xd6381f826ef0943%3A0x2261a811f4072a55!2sColegio%20CEI!5e0!3m2!1sen!2sus!4v1773090417788!5m2!1sen!2sus\" width=\"600\" height=\"450\" style=\"border:0;\" allowfullscreen=\"\" loading=\"lazy\" referrerpolicy=\"no-referrer-when-downgrade\"><\/iframe>\n\n<\/div>\n<\/div>\n\n\n\n<p><\/p>\n","protected":false},"excerpt":{"rendered":"<p>Si quieres m\u00e1s informaci\u00f3n sobre ConectArte, cont\u00e1ctanos mediante el formulario o visita nuestra sede en el mapa a continuaci\u00f3n: Horario [&hellip;]<\/p>\n","protected":false},"author":4,"featured_media":0,"parent":0,"menu_order":0,"comment_status":"closed","ping_status":"closed","template":"","meta":{"_uag_custom_page_level_css":"","site-sidebar-layout":"default","site-content-layout":"","ast-site-content-layout":"default","site-content-style":"default","site-sidebar-style":"default","ast-global-header-display":"","ast-banner-title-visibility":"","ast-main-header-display":"","ast-hfb-above-header-display":"","ast-hfb-below-header-display":"","ast-hfb-mobile-header-display":"","site-post-title":"","ast-breadcrumbs-content":"","ast-featured-img":"","footer-sml-layout":"","ast-disable-related-posts":"","theme-transparent-header-meta":"","adv-header-id-meta":"","stick-header-meta":"","header-above-stick-meta":"","header-main-stick-meta":"","header-below-stick-meta":"","astra-migrate-meta-layouts":"default","ast-page-background-enabled":"default","ast-page-background-meta":{"desktop":{"background-color":"var(--ast-global-color-5)","background-image":"","background-repeat":"repeat","background-position":"center center","background-size":"auto","background-attachment":"scroll","background-type":"","background-media":"","overlay-type":"","overlay-color":"","overlay-opacity":"","overlay-gradient":""},"tablet":{"background-color":"","background-image":"","background-repeat":"repeat","background-position":"center center","background-size":"auto","background-attachment":"scroll","background-type":"","background-media":"","overlay-type":"","overlay-color":"","overlay-opacity":"","overlay-gradient":""},"mobile":{"background-color":"","background-image":"","background-repeat":"repeat","background-position":"center center","background-size":"auto","background-attachment":"scroll","background-type":"","background-media":"","overlay-type":"","overlay-color":"","overlay-opacity":"","overlay-gradient":""}},"ast-content-background-meta":{"desktop":{"background-color":"var(--ast-global-color-4)","background-image":"","background-repeat":"repeat","background-position":"center center","background-size":"auto","background-attachment":"scroll","background-type":"","background-media":"","overlay-type":"","overlay-color":"","overlay-opacity":"","overlay-gradient":""},"tablet":{"background-color":"var(--ast-global-color-4)","background-image":"","background-repeat":"repeat","background-position":"center center","background-size":"auto","background-attachment":"scroll","background-type":"","background-media":"","overlay-type":"","overlay-color":"","overlay-opacity":"","overlay-gradient":""},"mobile":{"background-color":"var(--ast-global-color-4)","background-image":"","background-repeat":"repeat","background-position":"center center","background-size":"auto","background-attachment":"scroll","background-type":"","background-media":"","overlay-type":"","overlay-color":"","overlay-opacity":"","overlay-gradient":""}},"footnotes":""},"class_list":["post-400","page","type-page","status-publish","hentry"],"uagb_featured_image_src":{"full":false,"thumbnail":false,"medium":false,"medium_large":false,"large":false,"1536x1536":false,"2048x2048":false,"woocommerce_thumbnail":false,"woocommerce_single":false,"woocommerce_gallery_thumbnail":false},"uagb_author_info":{"display_name":"roxana","author_link":"https:\/\/roxanasaraidetrinidad.fpcei.eu\/?author=4"},"uagb_comment_info":0,"uagb_excerpt":"Si quieres m\u00e1s informaci\u00f3n sobre ConectArte, cont\u00e1ctanos mediante el formulario o visita nuestra sede en el mapa a continuaci\u00f3n: Horario [&hellip;]","_links":{"self":[{"href":"https:\/\/roxanasaraidetrinidad.fpcei.eu\/index.php?rest_route=\/wp\/v2\/pages\/400","targetHints":{"allow":["GET"]}}],"collection":[{"href":"https:\/\/roxanasaraidetrinidad.fpcei.eu\/index.php?rest_route=\/wp\/v2\/pages"}],"about":[{"href":"https:\/\/roxanasaraidetrinidad.fpcei.eu\/index.php?rest_route=\/wp\/v2\/types\/page"}],"author":[{"embeddable":true,"href":"https:\/\/roxanasaraidetrinidad.fpcei.eu\/index.php?rest_route=\/wp\/v2\/users\/4"}],"replies":[{"embeddable":true,"href":"https:\/\/roxanasaraidetrinidad.fpcei.eu\/index.php?rest_route=%2Fwp%2Fv2%2Fcomments&post=400"}],"version-history":[{"count":2,"href":"https:\/\/roxanasaraidetrinidad.fpcei.eu\/index.php?rest_route=\/wp\/v2\/pages\/400\/revisions"}],"predecessor-version":[{"id":403,"href":"https:\/\/roxanasaraidetrinidad.fpcei.eu\/index.php?rest_route=\/wp\/v2\/pages\/400\/revisions\/403"}],"wp:attachment":[{"href":"https:\/\/roxanasaraidetrinidad.fpcei.eu\/index.php?rest_route=%2Fwp%2Fv2%2Fmedia&parent=400"}],"curies":[{"name":"wp","href":"https:\/\/api.w.org\/{rel}","templated":true}]}}