{"id":406,"date":"2026-03-09T23:15:21","date_gmt":"2026-03-09T23:15:21","guid":{"rendered":"https:\/\/roxanasaraidetrinidad.fpcei.eu\/?page_id=406"},"modified":"2026-03-10T01:16:45","modified_gmt":"2026-03-10T01:16:45","slug":"quienes-somos","status":"publish","type":"page","link":"https:\/\/roxanasaraidetrinidad.fpcei.eu\/?page_id=406","title":{"rendered":"\u00bfQUI\u00c9NES SOMOS?"},"content":{"rendered":"\n<div class=\"wp-block-group alignfull is-content-justification-center is-layout-constrained wp-block-group-is-layout-constrained\" style=\"margin-top:0;margin-bottom:0\">\n<div style=\"height:var(--wp--preset--spacing--20)\" aria-hidden=\"true\" class=\"wp-block-spacer\"><\/div>\n\n\n\n<div class=\"wp-block-group alignwide is-layout-flow wp-block-group-is-layout-flow\">\n<div class=\"wp-block-columns alignwide are-vertically-aligned-top is-layout-flex wp-container-core-columns-is-layout-5c8fb865 wp-block-columns-is-layout-flex\">\n<div class=\"wp-block-column is-layout-flow wp-block-column-is-layout-flow\">\n<p class=\"has-text-align-left\">En <strong>ConectArte<\/strong> creemos que la creatividad es el motor que une a las personas. Nuestra misi\u00f3n es ofrecer un espacio donde puedas explorar tu talento, aprender nuevas t\u00e9cnicas y descubrir materiales que despierten tu inspiraci\u00f3n.<\/p>\n\n\n\n<p class=\"has-text-align-left\">Nos especializamos en la personalizaci\u00f3n de productos y experiencias \u00fanicas, para que cada momento creativo sea irrepetible. En nuestra tienda encontrar\u00e1s:<\/p>\n<\/div>\n\n\n\n<div class=\"wp-block-column is-layout-flow wp-block-column-is-layout-flow\">\n<p class=\"has-text-align-center\">&#8211; Materiales de pintura: pinceles, \u00f3leos, acuarelas y acr\u00edlicos<br>&#8211; Libros de arte: para aprender y perfeccionar tus habilidades<br>          -Productos personalizados, pensados para que cada creaci\u00f3n sea \u00fanica y especial.<\/p>\n<\/div>\n\n\n\n<div class=\"wp-block-column is-layout-flow wp-block-column-is-layout-flow\">\n<p class=\"has-text-align-left\">Tanto si trabajas con t\u00e9cnicas tradicionales como con arte digital, en ConectArte queremos acompa\u00f1arte, motivarte y ayudarte a crecer en tu viaje creativo.<\/p>\n\n\n\n<p>\u00a1\u00danete a nuestra comunidad y descubre c\u00f3mo transformar cada idea en una obra de arte!<\/p>\n\n\n\n<div class=\"wp-block-buttons is-content-justification-center is-layout-flex wp-container-core-buttons-is-layout-a89b3969 wp-block-buttons-is-layout-flex\">\n<div class=\"wp-block-button\"><a class=\"wp-block-button__link wp-element-button\" href=\"https:\/\/roxanasaraidetrinidad.fpcei.eu\/?page_id=400\">\u00a1\u00a1SUSCRIBETE!!<\/a><\/div>\n<\/div>\n<\/div>\n<\/div>\n\n\n\n<div style=\"height:var(--wp--preset--spacing--20)\" aria-hidden=\"true\" class=\"wp-block-spacer\"><\/div>\n\n\n\n<figure class=\"wp-block-image aligncenter size-large\"><img fetchpriority=\"high\" decoding=\"async\" width=\"1024\" height=\"683\" src=\"https:\/\/roxanasaraidetrinidad.fpcei.eu\/wp-content\/uploads\/2026\/03\/ChatGPT-Image-5-mar-2026-18_33_39-1-1-1024x683.png\" alt=\"\" class=\"wp-image-393\" style=\"aspect-ratio:16\/9;object-fit:cover\" srcset=\"https:\/\/roxanasaraidetrinidad.fpcei.eu\/wp-content\/uploads\/2026\/03\/ChatGPT-Image-5-mar-2026-18_33_39-1-1-1024x683.png 1024w, https:\/\/roxanasaraidetrinidad.fpcei.eu\/wp-content\/uploads\/2026\/03\/ChatGPT-Image-5-mar-2026-18_33_39-1-1-300x200.png 300w, https:\/\/roxanasaraidetrinidad.fpcei.eu\/wp-content\/uploads\/2026\/03\/ChatGPT-Image-5-mar-2026-18_33_39-1-1-768x512.png 768w, https:\/\/roxanasaraidetrinidad.fpcei.eu\/wp-content\/uploads\/2026\/03\/ChatGPT-Image-5-mar-2026-18_33_39-1-1.png 1099w\" sizes=\"(max-width: 1024px) 100vw, 1024px\" \/><\/figure>\n<\/div>\n\n\n\n<div style=\"height:var(--wp--preset--spacing--20)\" aria-hidden=\"true\" class=\"wp-block-spacer\"><\/div>\n\n\n\n<p><\/p>\n<\/div>\n","protected":false},"excerpt":{"rendered":"<p>En ConectArte creemos que la creatividad es el motor que une a las personas. Nuestra misi\u00f3n es ofrecer un espacio [&hellip;]<\/p>\n","protected":false},"author":4,"featured_media":0,"parent":0,"menu_order":0,"comment_status":"closed","ping_status":"closed","template":"","meta":{"_uag_custom_page_level_css":"","site-sidebar-layout":"default","site-content-layout":"","ast-site-content-layout":"default","site-content-style":"default","site-sidebar-style":"default","ast-global-header-display":"","ast-banner-title-visibility":"","ast-main-header-display":"","ast-hfb-above-header-display":"","ast-hfb-below-header-display":"","ast-hfb-mobile-header-display":"","site-post-title":"","ast-breadcrumbs-content":"","ast-featured-img":"","footer-sml-layout":"","ast-disable-related-posts":"","theme-transparent-header-meta":"","adv-header-id-meta":"","stick-header-meta":"","header-above-stick-meta":"","header-main-stick-meta":"","header-below-stick-meta":"","astra-migrate-meta-layouts":"default","ast-page-background-enabled":"default","ast-page-background-meta":{"desktop":{"background-color":"var(--ast-global-color-5)","background-image":"","background-repeat":"repeat","background-position":"center center","background-size":"auto","background-attachment":"scroll","background-type":"","background-media":"","overlay-type":"","overlay-color":"","overlay-opacity":"","overlay-gradient":""},"tablet":{"background-color":"","background-image":"","background-repeat":"repeat","background-position":"center center","background-size":"auto","background-attachment":"scroll","background-type":"","background-media":"","overlay-type":"","overlay-color":"","overlay-opacity":"","overlay-gradient":""},"mobile":{"background-color":"","background-image":"","background-repeat":"repeat","background-position":"center center","background-size":"auto","background-attachment":"scroll","background-type":"","background-media":"","overlay-type":"","overlay-color":"","overlay-opacity":"","overlay-gradient":""}},"ast-content-background-meta":{"desktop":{"background-color":"var(--ast-global-color-4)","background-image":"","background-repeat":"repeat","background-position":"center center","background-size":"auto","background-attachment":"scroll","background-type":"","background-media":"","overlay-type":"","overlay-color":"","overlay-opacity":"","overlay-gradient":""},"tablet":{"background-color":"var(--ast-global-color-4)","background-image":"","background-repeat":"repeat","background-position":"center center","background-size":"auto","background-attachment":"scroll","background-type":"","background-media":"","overlay-type":"","overlay-color":"","overlay-opacity":"","overlay-gradient":""},"mobile":{"background-color":"var(--ast-global-color-4)","background-image":"","background-repeat":"repeat","background-position":"center center","background-size":"auto","background-attachment":"scroll","background-type":"","background-media":"","overlay-type":"","overlay-color":"","overlay-opacity":"","overlay-gradient":""}},"footnotes":""},"class_list":["post-406","page","type-page","status-publish","hentry"],"uagb_featured_image_src":{"full":false,"thumbnail":false,"medium":false,"medium_large":false,"large":false,"1536x1536":false,"2048x2048":false,"woocommerce_thumbnail":false,"woocommerce_single":false,"woocommerce_gallery_thumbnail":false},"uagb_author_info":{"display_name":"roxana","author_link":"https:\/\/roxanasaraidetrinidad.fpcei.eu\/?author=4"},"uagb_comment_info":0,"uagb_excerpt":"En ConectArte creemos que la creatividad es el motor que une a las personas. Nuestra misi\u00f3n es ofrecer un espacio [&hellip;]","_links":{"self":[{"href":"https:\/\/roxanasaraidetrinidad.fpcei.eu\/index.php?rest_route=\/wp\/v2\/pages\/406","targetHints":{"allow":["GET"]}}],"collection":[{"href":"https:\/\/roxanasaraidetrinidad.fpcei.eu\/index.php?rest_route=\/wp\/v2\/pages"}],"about":[{"href":"https:\/\/roxanasaraidetrinidad.fpcei.eu\/index.php?rest_route=\/wp\/v2\/types\/page"}],"author":[{"embeddable":true,"href":"https:\/\/roxanasaraidetrinidad.fpcei.eu\/index.php?rest_route=\/wp\/v2\/users\/4"}],"replies":[{"embeddable":true,"href":"https:\/\/roxanasaraidetrinidad.fpcei.eu\/index.php?rest_route=%2Fwp%2Fv2%2Fcomments&post=406"}],"version-history":[{"count":3,"href":"https:\/\/roxanasaraidetrinidad.fpcei.eu\/index.php?rest_route=\/wp\/v2\/pages\/406\/revisions"}],"predecessor-version":[{"id":409,"href":"https:\/\/roxanasaraidetrinidad.fpcei.eu\/index.php?rest_route=\/wp\/v2\/pages\/406\/revisions\/409"}],"wp:attachment":[{"href":"https:\/\/roxanasaraidetrinidad.fpcei.eu\/index.php?rest_route=%2Fwp%2Fv2%2Fmedia&parent=406"}],"curies":[{"name":"wp","href":"https:\/\/api.w.org\/{rel}","templated":true}]}}