{"id":430,"date":"2026-03-10T01:47:08","date_gmt":"2026-03-10T01:47:08","guid":{"rendered":"https:\/\/roxanasaraidetrinidad.fpcei.eu\/?page_id=430"},"modified":"2026-03-10T01:50:38","modified_gmt":"2026-03-10T01:50:38","slug":"ejercicios-de-derecho","status":"publish","type":"page","link":"https:\/\/roxanasaraidetrinidad.fpcei.eu\/?page_id=430","title":{"rendered":"Ejercicios de Derecho"},"content":{"rendered":"\t\t<div data-elementor-type=\"wp-page\" data-elementor-id=\"430\" class=\"elementor elementor-430\">\n\t\t\t\t<div class=\"elementor-element elementor-element-35b9a351 e-flex e-con-boxed e-con e-parent\" data-id=\"35b9a351\" data-element_type=\"container\" data-e-type=\"container\">\n\t\t\t\t\t<div class=\"e-con-inner\">\n\t\t\t\t<div class=\"elementor-element elementor-element-663787fc elementor-widget elementor-widget-text-editor\" data-id=\"663787fc\" data-element_type=\"widget\" data-e-type=\"widget\" data-widget_type=\"text-editor.default\">\n\t\t\t\t\t\t\t\t\t\n<p>En esta secci\u00f3n puedes ejercer tus derechos sobre la protecci\u00f3n de datos personales seg\u00fan el Reglamento General de Protecci\u00f3n de Datos (RGPD).Descarga el formulario correspondiente, compl\u00e9talo y env\u00edalo a nuestro correo electr\u00f3nico: ConectArte@gmail.com para gestionar tu solicitud.<\/p>\n\n<div class=\"wp-block-buttons is-content-justification-center is-layout-flex wp-container-core-buttons-is-layout-a89b3969 wp-block-buttons-is-layout-flex\">\n<div class=\"wp-block-button\"><a class=\"wp-block-button__link wp-element-button\" href=\"https:\/\/roxanasaraidetrinidad.fpcei.eu\/wp-content\/uploads\/2026\/03\/OLVIDO_1.pdf\" target=\"_blank\" rel=\"noreferrer noopener\">Olvido\u00a0<\/a><\/div>\n<div>\u00a0<\/div>\n<\/div>\n\n<div class=\"wp-block-buttons is-content-justification-center is-layout-flex wp-container-core-buttons-is-layout-a89b3969 wp-block-buttons-is-layout-flex\">\n<div class=\"wp-block-button\"><a class=\"wp-block-button__link wp-element-button\" href=\"https:\/\/roxanasaraidetrinidad.fpcei.eu\/wp-content\/uploads\/2026\/03\/ACCESO_1.pdf\" target=\"_blank\" rel=\"noreferrer noopener\">Acceso<\/a><\/div>\n<div>\u00a0<\/div>\n<\/div>\n\n<div class=\"wp-block-buttons is-content-justification-center is-layout-flex wp-container-core-buttons-is-layout-a89b3969 wp-block-buttons-is-layout-flex\">\n<div class=\"wp-block-button\"><a class=\"wp-block-button__link wp-element-button\" href=\"https:\/\/roxanasaraidetrinidad.fpcei.eu\/wp-content\/uploads\/2026\/03\/LIMITACION_1.pdf\" target=\"_blank\" rel=\"noreferrer noopener\">Limitaci\u00f3n<\/a><\/div>\n<div>\u00a0<\/div>\n<\/div>\n\n<div class=\"wp-block-buttons is-content-justification-center is-layout-flex wp-container-core-buttons-is-layout-a89b3969 wp-block-buttons-is-layout-flex\">\n<div class=\"wp-block-button\"><a class=\"wp-block-button__link wp-element-button\" href=\"https:\/\/roxanasaraidetrinidad.fpcei.eu\/wp-content\/uploads\/2026\/03\/PORTABILIDAD_1.pdf\" target=\"_blank\" rel=\"noreferrer noopener\">Portabilidad<\/a><\/div>\n<div>\u00a0<\/div>\n<\/div>\n\n<div class=\"wp-block-buttons is-content-justification-center is-layout-flex wp-container-core-buttons-is-layout-a89b3969 wp-block-buttons-is-layout-flex\">\n<div class=\"wp-block-button\"><a class=\"wp-block-button__link wp-element-button\" href=\"https:\/\/roxanasaraidetrinidad.fpcei.eu\/wp-content\/uploads\/2026\/03\/RECTIFICACION_1.pdf\" target=\"_blank\" rel=\"noreferrer noopener\">Rectificaci\u00f3n<\/a><\/div>\n<div>\u00a0<\/div>\n<\/div>\n\n<div class=\"wp-block-buttons is-content-justification-center is-layout-flex wp-container-core-buttons-is-layout-a89b3969 wp-block-buttons-is-layout-flex\">\n<div class=\"wp-block-button\"><a class=\"wp-block-button__link wp-element-button\" href=\"https:\/\/roxanasaraidetrinidad.fpcei.eu\/wp-content\/uploads\/2026\/03\/SUPRESION_1.pdf\" target=\"_blank\" rel=\"noreferrer noopener\">Supresi\u00f3n<\/a><\/div>\n<\/div>\n\n<p>\u00a0<\/p>\n\t\t\t\t\t\t\t\t<\/div>\n\t\t\t\t\t<\/div>\n\t\t\t\t<\/div>\n\t\t\t\t<\/div>\n\t\t","protected":false},"excerpt":{"rendered":"<p>En esta secci\u00f3n puedes ejercer tus derechos sobre la protecci\u00f3n de datos personales seg\u00fan el Reglamento General de Protecci\u00f3n de [&hellip;]<\/p>\n","protected":false},"author":4,"featured_media":0,"parent":0,"menu_order":0,"comment_status":"closed","ping_status":"closed","template":"","meta":{"_uag_custom_page_level_css":"","site-sidebar-layout":"default","site-content-layout":"","ast-site-content-layout":"default","site-content-style":"default","site-sidebar-style":"default","ast-global-header-display":"","ast-banner-title-visibility":"","ast-main-header-display":"","ast-hfb-above-header-display":"","ast-hfb-below-header-display":"","ast-hfb-mobile-header-display":"","site-post-title":"","ast-breadcrumbs-content":"","ast-featured-img":"","footer-sml-layout":"","ast-disable-related-posts":"","theme-transparent-header-meta":"","adv-header-id-meta":"","stick-header-meta":"","header-above-stick-meta":"","header-main-stick-meta":"","header-below-stick-meta":"","astra-migrate-meta-layouts":"default","ast-page-background-enabled":"default","ast-page-background-meta":{"desktop":{"background-color":"var(--ast-global-color-5)","background-image":"","background-repeat":"repeat","background-position":"center center","background-size":"auto","background-attachment":"scroll","background-type":"","background-media":"","overlay-type":"","overlay-color":"","overlay-opacity":"","overlay-gradient":""},"tablet":{"background-color":"","background-image":"","background-repeat":"repeat","background-position":"center center","background-size":"auto","background-attachment":"scroll","background-type":"","background-media":"","overlay-type":"","overlay-color":"","overlay-opacity":"","overlay-gradient":""},"mobile":{"background-color":"","background-image":"","background-repeat":"repeat","background-position":"center center","background-size":"auto","background-attachment":"scroll","background-type":"","background-media":"","overlay-type":"","overlay-color":"","overlay-opacity":"","overlay-gradient":""}},"ast-content-background-meta":{"desktop":{"background-color":"var(--ast-global-color-4)","background-image":"","background-repeat":"repeat","background-position":"center center","background-size":"auto","background-attachment":"scroll","background-type":"","background-media":"","overlay-type":"","overlay-color":"","overlay-opacity":"","overlay-gradient":""},"tablet":{"background-color":"var(--ast-global-color-4)","background-image":"","background-repeat":"repeat","background-position":"center center","background-size":"auto","background-attachment":"scroll","background-type":"","background-media":"","overlay-type":"","overlay-color":"","overlay-opacity":"","overlay-gradient":""},"mobile":{"background-color":"var(--ast-global-color-4)","background-image":"","background-repeat":"repeat","background-position":"center center","background-size":"auto","background-attachment":"scroll","background-type":"","background-media":"","overlay-type":"","overlay-color":"","overlay-opacity":"","overlay-gradient":""}},"footnotes":""},"class_list":["post-430","page","type-page","status-publish","hentry"],"uagb_featured_image_src":{"full":false,"thumbnail":false,"medium":false,"medium_large":false,"large":false,"1536x1536":false,"2048x2048":false,"woocommerce_thumbnail":false,"woocommerce_single":false,"woocommerce_gallery_thumbnail":false},"uagb_author_info":{"display_name":"roxana","author_link":"https:\/\/roxanasaraidetrinidad.fpcei.eu\/?author=4"},"uagb_comment_info":0,"uagb_excerpt":"En esta secci\u00f3n puedes ejercer tus derechos sobre la protecci\u00f3n de datos personales seg\u00fan el Reglamento General de Protecci\u00f3n de [&hellip;]","_links":{"self":[{"href":"https:\/\/roxanasaraidetrinidad.fpcei.eu\/index.php?rest_route=\/wp\/v2\/pages\/430","targetHints":{"allow":["GET"]}}],"collection":[{"href":"https:\/\/roxanasaraidetrinidad.fpcei.eu\/index.php?rest_route=\/wp\/v2\/pages"}],"about":[{"href":"https:\/\/roxanasaraidetrinidad.fpcei.eu\/index.php?rest_route=\/wp\/v2\/types\/page"}],"author":[{"embeddable":true,"href":"https:\/\/roxanasaraidetrinidad.fpcei.eu\/index.php?rest_route=\/wp\/v2\/users\/4"}],"replies":[{"embeddable":true,"href":"https:\/\/roxanasaraidetrinidad.fpcei.eu\/index.php?rest_route=%2Fwp%2Fv2%2Fcomments&post=430"}],"version-history":[{"count":10,"href":"https:\/\/roxanasaraidetrinidad.fpcei.eu\/index.php?rest_route=\/wp\/v2\/pages\/430\/revisions"}],"predecessor-version":[{"id":448,"href":"https:\/\/roxanasaraidetrinidad.fpcei.eu\/index.php?rest_route=\/wp\/v2\/pages\/430\/revisions\/448"}],"wp:attachment":[{"href":"https:\/\/roxanasaraidetrinidad.fpcei.eu\/index.php?rest_route=%2Fwp%2Fv2%2Fmedia&parent=430"}],"curies":[{"name":"wp","href":"https:\/\/api.w.org\/{rel}","templated":true}]}}