{"id":56,"date":"2025-11-17T14:42:49","date_gmt":"2025-11-17T14:42:49","guid":{"rendered":"https:\/\/roxanasaraidetrinidad.fpcei.eu\/?page_id=56"},"modified":"2026-03-18T15:37:26","modified_gmt":"2026-03-18T15:37:26","slug":"pagina-principal","status":"publish","type":"page","link":"https:\/\/roxanasaraidetrinidad.fpcei.eu\/","title":{"rendered":"ConectArte"},"content":{"rendered":"\t\t<div data-elementor-type=\"wp-page\" data-elementor-id=\"56\" class=\"elementor elementor-56\">\n\t\t\t\t<div class=\"elementor-element elementor-element-4e8ea41 e-grid e-con-boxed e-con e-parent\" data-id=\"4e8ea41\" data-element_type=\"container\" data-e-type=\"container\">\n\t\t\t\t\t<div class=\"e-con-inner\">\n\t\t\t\t<div class=\"elementor-element elementor-element-38396e2 elementor-widget elementor-widget-image\" data-id=\"38396e2\" data-element_type=\"widget\" data-e-type=\"widget\" data-widget_type=\"image.default\">\n\t\t\t\t\t\t\t\t\t\t\t\t\t\t\t<img fetchpriority=\"high\" decoding=\"async\" width=\"1024\" height=\"683\" src=\"https:\/\/roxanasaraidetrinidad.fpcei.eu\/wp-content\/uploads\/2025\/11\/pexels-jonathanborba-4309873-1024x683.jpg\" class=\"attachment-large size-large wp-image-109\" alt=\"\" srcset=\"https:\/\/roxanasaraidetrinidad.fpcei.eu\/wp-content\/uploads\/2025\/11\/pexels-jonathanborba-4309873-1024x683.jpg 1024w, https:\/\/roxanasaraidetrinidad.fpcei.eu\/wp-content\/uploads\/2025\/11\/pexels-jonathanborba-4309873-300x200.jpg 300w, https:\/\/roxanasaraidetrinidad.fpcei.eu\/wp-content\/uploads\/2025\/11\/pexels-jonathanborba-4309873-768x512.jpg 768w, https:\/\/roxanasaraidetrinidad.fpcei.eu\/wp-content\/uploads\/2025\/11\/pexels-jonathanborba-4309873-1536x1024.jpg 1536w, https:\/\/roxanasaraidetrinidad.fpcei.eu\/wp-content\/uploads\/2025\/11\/pexels-jonathanborba-4309873-2048x1365.jpg 2048w\" sizes=\"(max-width: 1024px) 100vw, 1024px\" \/>\t\t\t\t\t\t\t\t\t\t\t\t\t\t\t<\/div>\n\t\t\t\t<div class=\"elementor-element elementor-element-078f357 elementor-widget elementor-widget-text-editor\" data-id=\"078f357\" data-element_type=\"widget\" data-e-type=\"widget\" data-widget_type=\"text-editor.default\">\n\t\t\t\t\t\t\t\t\t<p><span style=\"font-style: inherit; font-weight: inherit;\">En <\/span><strong style=\"font-style: inherit;\">ConectArte&nbsp;<\/strong><span style=\"font-style: inherit; font-weight: inherit;\"> celebramos la creatividad en todas sus formas. Somos un espacio dedicado a unir a quienes aman pintar, explorar t\u00e9cnicas nuevas y&nbsp; descubrir materiales que despierten inspiraci\u00f3n.<\/span><\/p>\n<p><span style=\"font-style: inherit; font-weight: inherit;\">Aqu\u00ed compartimos tips pr\u00e1cticos, recomendaciones de productos, gu\u00edas paso a paso y contenido pensado para que tu experiencia art\u00edstica sea cada vez m\u00e1s plena.<\/span><\/p>\n<p><span style=\"font-style: inherit; font-weight: inherit;\">Tanto si trabajas con pinceles, acuarelas, \u00f3leos o acr\u00edlicos, como si prefieres el arte digital con tabletas o software de ilustraci\u00f3n, este es tu lugar. Queremos que te sientas acompa\u00f1ado, motivado y en constante crecimiento creativo.<\/span><\/p>\n<p><!-- \/wp:paragraph --><!-- wp:paragraph {\"lock\":{\"move\":true}} --><\/p>\n<p><strong>&nbsp; &nbsp; &nbsp; &nbsp; &nbsp; &nbsp; &nbsp; &nbsp; &nbsp; &nbsp; &nbsp; &nbsp; &nbsp; &nbsp; &nbsp; &nbsp; &nbsp; &nbsp; &nbsp; &nbsp; &nbsp; &nbsp; &nbsp; &nbsp; &nbsp; &nbsp; &nbsp; &nbsp; &nbsp; &nbsp; &nbsp; &nbsp; &nbsp; &nbsp; &nbsp; &nbsp; &nbsp; &nbsp; &nbsp;ConectArte: colores que conectan, arte que inspira.<\/strong><br>&nbsp; &nbsp; &nbsp; &nbsp; &nbsp; &nbsp; &nbsp; &nbsp; &nbsp; &nbsp; &nbsp; &nbsp; &nbsp; &nbsp; &nbsp; &nbsp; &nbsp; &nbsp; &nbsp; &nbsp; &nbsp; &nbsp; &nbsp; &nbsp; &nbsp; &nbsp; &nbsp; &nbsp; &nbsp; &nbsp; &nbsp; &nbsp; &nbsp; &nbsp; &nbsp; &nbsp; &nbsp; &nbsp; &nbsp; &nbsp; &nbsp; &nbsp; &nbsp; &nbsp;\u00a1BIENVENIDO A TU COMUNIDAD DE ARTE!<\/p>\t\t\t\t\t\t\t\t<\/div>\n\t\t\t\t\t<\/div>\n\t\t\t\t<\/div>\n\t\t<div class=\"elementor-element elementor-element-97aea00 e-flex e-con-boxed e-con e-parent\" data-id=\"97aea00\" data-element_type=\"container\" data-e-type=\"container\">\n\t\t\t\t\t<div class=\"e-con-inner\">\n\t\t\t\t\t<\/div>\n\t\t\t\t<\/div>\n\t\t<div class=\"elementor-element elementor-element-a937328 e-flex e-con-boxed e-con e-parent\" data-id=\"a937328\" data-element_type=\"container\" data-e-type=\"container\">\n\t\t\t\t\t<div class=\"e-con-inner\">\n\t\t\t\t<div class=\"elementor-element elementor-element-56065ce elementor-widget elementor-widget-wp-widget-rss\" data-id=\"56065ce\" data-element_type=\"widget\" data-e-type=\"widget\" data-widget_type=\"wp-widget-rss.default\">\n\t\t\t\t<div class=\"elementor-widget-container\">\n\t\t\t\t\t<h5><a class=\"rsswidget rss-widget-feed\" href=\"https:\/\/www.artnews.com\/feed\/\"><img decoding=\"async\" class=\"rss-widget-icon\" style=\"border:0\" width=\"14\" height=\"14\" src=\"https:\/\/roxanasaraidetrinidad.fpcei.eu\/wp-includes\/images\/rss.png\" alt=\"RSS\" \/><\/a> <a class=\"rsswidget rss-widget-title\" href=\"https:\/\/www.artnews.com\/\">ArtNews<\/a><\/h5><nav aria-label=\"ArtNews\"><ul><li><a class='rsswidget' href='https:\/\/www.artnews.com\/art-news\/news\/trump-eisenhower-executive-office-building-paint-white-1234781079\/'>Trump Wants to Paint the Eisenhower Building White\u2014Experts Say His \u2018Magic\u2019 Paint Won\u2019t Work on\u00a0Granite<\/a> <span class=\"rss-date\">abril 13, 2026<\/span> <cite>Harrison Jacobs<\/cite><\/li><li><a class='rsswidget' href='https:\/\/www.artnews.com\/art-news\/news\/european-commission-letter-venice-biennale-russian-pavilion-1234781084\/'>European Commission Tells Venice Biennale to \u2018Clear Its Name\u2019 Regarding Russian Pavilion or Risk Losing \u20ac2 M. Grant for\u00a02028<\/a> <span class=\"rss-date\">abril 13, 2026<\/span> <cite>Maximil\u00edano Dur\u00f3n<\/cite><\/li><li><a class='rsswidget' href='https:\/\/www.artnews.com\/art-news\/news\/sothebys-picasso-donati-collection-may-2026-sales-1234781069\/'>Sotheby\u2019s Tries Again to Sell $40 M. Picasso Painting That Didn\u2019t Make It to Auction in\u00a02008<\/a> <span class=\"rss-date\">abril 13, 2026<\/span> <cite>Alex Greenberger<\/cite><\/li><li><a class='rsswidget' href='https:\/\/www.artnews.com\/art-news\/news\/medina-triennial-2026-artist-list-1234780924\/'>New York\u2019s Newest Triennial Lines Up 39 Artists for Star-Studded First Edition Along the Erie\u00a0Canal<\/a> <span class=\"rss-date\">abril 13, 2026<\/span> <cite>Alex Greenberger<\/cite><\/li><li><a class='rsswidget' href='https:\/\/www.artnews.com\/art-news\/market\/gagosian-upper-east-side-gallery-marcel-duchamp-1234780886\/'>Gagosian to Open New Upper East Side Gallery with a Duchamp Show, a Rarity in a Commercial\u00a0Setting<\/a> <span class=\"rss-date\">abril 13, 2026<\/span> <cite>Alex Greenberger<\/cite><\/li><\/ul><\/nav>\t\t\t\t<\/div>\n\t\t\t\t<\/div>\n\t\t\t\t\t<\/div>\n\t\t\t\t<\/div>\n\t\t\t\t<\/div>\n\t\t","protected":false},"excerpt":{"rendered":"<p>En ConectArte&nbsp; celebramos la creatividad en todas sus formas. Somos un espacio dedicado a unir a quienes aman pintar, explorar [&hellip;]<\/p>\n","protected":false},"author":4,"featured_media":0,"parent":0,"menu_order":0,"comment_status":"closed","ping_status":"closed","template":"","meta":{"_uag_custom_page_level_css":"","site-sidebar-layout":"default","site-content-layout":"","ast-site-content-layout":"default","site-content-style":"default","site-sidebar-style":"default","ast-global-header-display":"","ast-banner-title-visibility":"","ast-main-header-display":"","ast-hfb-above-header-display":"","ast-hfb-below-header-display":"","ast-hfb-mobile-header-display":"","site-post-title":"disabled","ast-breadcrumbs-content":"","ast-featured-img":"","footer-sml-layout":"","ast-disable-related-posts":"","theme-transparent-header-meta":"","adv-header-id-meta":"","stick-header-meta":"","header-above-stick-meta":"","header-main-stick-meta":"","header-below-stick-meta":"","astra-migrate-meta-layouts":"default","ast-page-background-enabled":"default","ast-page-background-meta":{"desktop":{"background-color":"var(--ast-global-color-5)","background-image":"","background-repeat":"repeat","background-position":"center center","background-size":"auto","background-attachment":"scroll","background-type":"","background-media":"","overlay-type":"","overlay-color":"","overlay-opacity":"","overlay-gradient":""},"tablet":{"background-color":"","background-image":"","background-repeat":"repeat","background-position":"center center","background-size":"auto","background-attachment":"scroll","background-type":"","background-media":"","overlay-type":"","overlay-color":"","overlay-opacity":"","overlay-gradient":""},"mobile":{"background-color":"","background-image":"","background-repeat":"repeat","background-position":"center center","background-size":"auto","background-attachment":"scroll","background-type":"","background-media":"","overlay-type":"","overlay-color":"","overlay-opacity":"","overlay-gradient":""}},"ast-content-background-meta":{"desktop":{"background-color":"var(--ast-global-color-4)","background-image":"","background-repeat":"repeat","background-position":"center center","background-size":"auto","background-attachment":"scroll","background-type":"","background-media":"","overlay-type":"","overlay-color":"","overlay-opacity":"","overlay-gradient":""},"tablet":{"background-color":"var(--ast-global-color-4)","background-image":"","background-repeat":"repeat","background-position":"center center","background-size":"auto","background-attachment":"scroll","background-type":"","background-media":"","overlay-type":"","overlay-color":"","overlay-opacity":"","overlay-gradient":""},"mobile":{"background-color":"var(--ast-global-color-4)","background-image":"","background-repeat":"repeat","background-position":"center center","background-size":"auto","background-attachment":"scroll","background-type":"","background-media":"","overlay-type":"","overlay-color":"","overlay-opacity":"","overlay-gradient":""}},"footnotes":""},"class_list":["post-56","page","type-page","status-publish","hentry"],"uagb_featured_image_src":{"full":false,"thumbnail":false,"medium":false,"medium_large":false,"large":false,"1536x1536":false,"2048x2048":false,"woocommerce_thumbnail":false,"woocommerce_single":false,"woocommerce_gallery_thumbnail":false},"uagb_author_info":{"display_name":"roxana","author_link":"https:\/\/roxanasaraidetrinidad.fpcei.eu\/?author=4"},"uagb_comment_info":0,"uagb_excerpt":"En ConectArte&nbsp; celebramos la creatividad en todas sus formas. Somos un espacio dedicado a unir a quienes aman pintar, explorar [&hellip;]","_links":{"self":[{"href":"https:\/\/roxanasaraidetrinidad.fpcei.eu\/index.php?rest_route=\/wp\/v2\/pages\/56","targetHints":{"allow":["GET"]}}],"collection":[{"href":"https:\/\/roxanasaraidetrinidad.fpcei.eu\/index.php?rest_route=\/wp\/v2\/pages"}],"about":[{"href":"https:\/\/roxanasaraidetrinidad.fpcei.eu\/index.php?rest_route=\/wp\/v2\/types\/page"}],"author":[{"embeddable":true,"href":"https:\/\/roxanasaraidetrinidad.fpcei.eu\/index.php?rest_route=\/wp\/v2\/users\/4"}],"replies":[{"embeddable":true,"href":"https:\/\/roxanasaraidetrinidad.fpcei.eu\/index.php?rest_route=%2Fwp%2Fv2%2Fcomments&post=56"}],"version-history":[{"count":22,"href":"https:\/\/roxanasaraidetrinidad.fpcei.eu\/index.php?rest_route=\/wp\/v2\/pages\/56\/revisions"}],"predecessor-version":[{"id":475,"href":"https:\/\/roxanasaraidetrinidad.fpcei.eu\/index.php?rest_route=\/wp\/v2\/pages\/56\/revisions\/475"}],"wp:attachment":[{"href":"https:\/\/roxanasaraidetrinidad.fpcei.eu\/index.php?rest_route=%2Fwp%2Fv2%2Fmedia&parent=56"}],"curies":[{"name":"wp","href":"https:\/\/api.w.org\/{rel}","templated":true}]}}