{"id":347,"date":"2026-02-19T15:39:17","date_gmt":"2026-02-19T15:39:17","guid":{"rendered":"https:\/\/roxanasaraidetrinidad.fpcei.eu\/?post_type=product&#038;p=347"},"modified":"2026-02-19T15:43:38","modified_gmt":"2026-02-19T15:43:38","slug":"pack-moon-mandalas","status":"publish","type":"product","link":"https:\/\/roxanasaraidetrinidad.fpcei.eu\/?product=pack-moon-mandalas","title":{"rendered":"Pack Moon m\u00e1ndalas"},"content":{"rendered":"<p>Colorea tus libros de m\u00e1ndalas y disfruta de un momento contigo, sin m\u00e1s preocupaciones que el pr\u00f3ximo color que vas a usar.<\/p>\n","protected":false},"excerpt":{"rendered":"<p>libros de m\u00e1ndalas<\/p>\n","protected":false},"featured_media":348,"comment_status":"open","ping_status":"closed","template":"","meta":{"_uag_custom_page_level_css":"","site-sidebar-layout":"default","site-content-layout":"","ast-site-content-layout":"default","site-content-style":"default","site-sidebar-style":"default","ast-global-header-display":"","ast-banner-title-visibility":"","ast-main-header-display":"","ast-hfb-above-header-display":"","ast-hfb-below-header-display":"","ast-hfb-mobile-header-display":"","site-post-title":"","ast-breadcrumbs-content":"","ast-featured-img":"","footer-sml-layout":"","ast-disable-related-posts":"","theme-transparent-header-meta":"default","adv-header-id-meta":"","stick-header-meta":"","header-above-stick-meta":"","header-main-stick-meta":"","header-below-stick-meta":"","astra-migrate-meta-layouts":"set","ast-page-background-enabled":"default","ast-page-background-meta":{"desktop":{"background-color":"var(--ast-global-color-5)","background-image":"","background-repeat":"repeat","background-position":"center center","background-size":"auto","background-attachment":"scroll","background-type":"","background-media":"","overlay-type":"","overlay-color":"","overlay-opacity":"","overlay-gradient":""},"tablet":{"background-color":"","background-image":"","background-repeat":"repeat","background-position":"center center","background-size":"auto","background-attachment":"scroll","background-type":"","background-media":"","overlay-type":"","overlay-color":"","overlay-opacity":"","overlay-gradient":""},"mobile":{"background-color":"","background-image":"","background-repeat":"repeat","background-position":"center center","background-size":"auto","background-attachment":"scroll","background-type":"","background-media":"","overlay-type":"","overlay-color":"","overlay-opacity":"","overlay-gradient":""}},"ast-content-background-meta":{"desktop":{"background-color":"var(--ast-global-color-4)","background-image":"","background-repeat":"repeat","background-position":"center center","background-size":"auto","background-attachment":"scroll","background-type":"","background-media":"","overlay-type":"","overlay-color":"","overlay-opacity":"","overlay-gradient":""},"tablet":{"background-color":"var(--ast-global-color-4)","background-image":"","background-repeat":"repeat","background-position":"center center","background-size":"auto","background-attachment":"scroll","background-type":"","background-media":"","overlay-type":"","overlay-color":"","overlay-opacity":"","overlay-gradient":""},"mobile":{"background-color":"var(--ast-global-color-4)","background-image":"","background-repeat":"repeat","background-position":"center center","background-size":"auto","background-attachment":"scroll","background-type":"","background-media":"","overlay-type":"","overlay-color":"","overlay-opacity":"","overlay-gradient":""}}},"product_brand":[],"product_cat":[43],"product_tag":[],"class_list":{"0":"post-347","1":"product","2":"type-product","3":"status-publish","4":"has-post-thumbnail","6":"product_cat-sin-categorizar","7":"desktop-align-left","8":"tablet-align-left","9":"mobile-align-left","11":"first","12":"instock","13":"sale","14":"taxable","15":"shipping-taxable","16":"purchasable","17":"product-type-simple"},"uagb_featured_image_src":{"full":["https:\/\/roxanasaraidetrinidad.fpcei.eu\/wp-content\/uploads\/2026\/02\/mandalaaaas.png",1024,1024,false],"thumbnail":["https:\/\/roxanasaraidetrinidad.fpcei.eu\/wp-content\/uploads\/2026\/02\/mandalaaaas-150x150.png",150,150,true],"medium":["https:\/\/roxanasaraidetrinidad.fpcei.eu\/wp-content\/uploads\/2026\/02\/mandalaaaas-300x300.png",300,300,true],"medium_large":["https:\/\/roxanasaraidetrinidad.fpcei.eu\/wp-content\/uploads\/2026\/02\/mandalaaaas-768x768.png",768,768,true],"large":["https:\/\/roxanasaraidetrinidad.fpcei.eu\/wp-content\/uploads\/2026\/02\/mandalaaaas.png",1024,1024,false],"1536x1536":["https:\/\/roxanasaraidetrinidad.fpcei.eu\/wp-content\/uploads\/2026\/02\/mandalaaaas.png",1024,1024,false],"2048x2048":["https:\/\/roxanasaraidetrinidad.fpcei.eu\/wp-content\/uploads\/2026\/02\/mandalaaaas.png",1024,1024,false],"woocommerce_thumbnail":["https:\/\/roxanasaraidetrinidad.fpcei.eu\/wp-content\/uploads\/2026\/02\/mandalaaaas-300x300.png",300,300,true],"woocommerce_single":["https:\/\/roxanasaraidetrinidad.fpcei.eu\/wp-content\/uploads\/2026\/02\/mandalaaaas-600x600.png",600,600,true],"woocommerce_gallery_thumbnail":["https:\/\/roxanasaraidetrinidad.fpcei.eu\/wp-content\/uploads\/2026\/02\/mandalaaaas-100x100.png",100,100,true]},"uagb_author_info":{"display_name":"admin","author_link":"https:\/\/roxanasaraidetrinidad.fpcei.eu\/?author=0"},"uagb_comment_info":0,"uagb_excerpt":"libros de m\u00e1ndalas","_links":{"self":[{"href":"https:\/\/roxanasaraidetrinidad.fpcei.eu\/index.php?rest_route=\/wp\/v2\/product\/347","targetHints":{"allow":["GET"]}}],"collection":[{"href":"https:\/\/roxanasaraidetrinidad.fpcei.eu\/index.php?rest_route=\/wp\/v2\/product"}],"about":[{"href":"https:\/\/roxanasaraidetrinidad.fpcei.eu\/index.php?rest_route=\/wp\/v2\/types\/product"}],"replies":[{"embeddable":true,"href":"https:\/\/roxanasaraidetrinidad.fpcei.eu\/index.php?rest_route=%2Fwp%2Fv2%2Fcomments&post=347"}],"wp:featuredmedia":[{"embeddable":true,"href":"https:\/\/roxanasaraidetrinidad.fpcei.eu\/index.php?rest_route=\/wp\/v2\/media\/348"}],"wp:attachment":[{"href":"https:\/\/roxanasaraidetrinidad.fpcei.eu\/index.php?rest_route=%2Fwp%2Fv2%2Fmedia&parent=347"}],"wp:term":[{"taxonomy":"product_brand","embeddable":true,"href":"https:\/\/roxanasaraidetrinidad.fpcei.eu\/index.php?rest_route=%2Fwp%2Fv2%2Fproduct_brand&post=347"},{"taxonomy":"product_cat","embeddable":true,"href":"https:\/\/roxanasaraidetrinidad.fpcei.eu\/index.php?rest_route=%2Fwp%2Fv2%2Fproduct_cat&post=347"},{"taxonomy":"product_tag","embeddable":true,"href":"https:\/\/roxanasaraidetrinidad.fpcei.eu\/index.php?rest_route=%2Fwp%2Fv2%2Fproduct_tag&post=347"}],"curies":[{"name":"wp","href":"https:\/\/api.w.org\/{rel}","templated":true}]}}