{"id":355,"date":"2026-02-25T15:53:45","date_gmt":"2026-02-25T15:53:45","guid":{"rendered":"https:\/\/roxanasaraidetrinidad.fpcei.eu\/?post_type=product&#038;p=355"},"modified":"2026-02-25T15:58:40","modified_gmt":"2026-02-25T15:58:40","slug":"kit-de-personalizacion-carnaval-edicion-limitada-conectarte","status":"publish","type":"product","link":"https:\/\/roxanasaraidetrinidad.fpcei.eu\/?product=kit-de-personalizacion-carnaval-edicion-limitada-conectarte","title":{"rendered":"Kit de Personalizaci\u00f3n Carnaval \u2013 Edici\u00f3n Limitada | ConectArte"},"content":{"rendered":"<p data-start=\"258\" data-end=\"309\">&#x2728; \u00a1Crea tu propia m\u00e1scara y brilla en Carnaval! &#x2728;<\/p>\n<p data-start=\"311\" data-end=\"481\">El <strong data-start=\"314\" data-end=\"360\">Kit de Personalizaci\u00f3n Carnaval ConectArte<\/strong> est\u00e1 dise\u00f1ado para que ni\u00f1os y adultos den rienda suelta a su creatividad y dise\u00f1en accesorios \u00fanicos y llenos de color.<\/p>\n<p data-start=\"483\" data-end=\"503\">&#x1f3a8; <strong data-start=\"486\" data-end=\"503\">\u00bfQu\u00e9 incluye?<\/strong><\/p>\n<ul data-start=\"504\" data-end=\"823\">\n<li data-start=\"504\" data-end=\"543\">\n<p data-start=\"506\" data-end=\"543\">1 m\u00e1scara blanca lista para decorar<\/p>\n<\/li>\n<li data-start=\"544\" data-end=\"576\">\n<p data-start=\"546\" data-end=\"576\">Pinturas de colores surtidas<\/p>\n<\/li>\n<li data-start=\"577\" data-end=\"590\">\n<p data-start=\"579\" data-end=\"590\">Pegamento<\/p>\n<\/li>\n<li data-start=\"591\" data-end=\"630\">\n<p data-start=\"593\" data-end=\"630\">Rotuladores metalizados con glitter<\/p>\n<\/li>\n<li data-start=\"631\" data-end=\"667\">\n<p data-start=\"633\" data-end=\"667\">Brillantina y confeti decorativo<\/p>\n<\/li>\n<li data-start=\"668\" data-end=\"703\">\n<p data-start=\"670\" data-end=\"703\">Pegatinas tem\u00e1ticas de Carnaval<\/p>\n<\/li>\n<li data-start=\"704\" data-end=\"725\">\n<p data-start=\"706\" data-end=\"725\">Plumas de colores<\/p>\n<\/li>\n<li data-start=\"726\" data-end=\"780\">\n<p data-start=\"728\" data-end=\"780\">Accesorios decorativos (corona glitter y detalles)<\/p>\n<\/li>\n<li data-start=\"781\" data-end=\"823\">\n<p data-start=\"783\" data-end=\"823\">Caja presentaci\u00f3n ideal para regalo &#x1f381;<\/p>\n<\/li>\n<\/ul>\n<p data-start=\"825\" data-end=\"842\">&#x1f49b; Perfecto para:<\/p>\n<ul data-start=\"843\" data-end=\"962\">\n<li data-start=\"843\" data-end=\"866\">\n<p data-start=\"845\" data-end=\"866\">Actividades en casa<\/p>\n<\/li>\n<li data-start=\"867\" data-end=\"889\">\n<p data-start=\"869\" data-end=\"889\">Talleres escolares<\/p>\n<\/li>\n<li data-start=\"890\" data-end=\"912\">\n<p data-start=\"892\" data-end=\"912\">Fiestas infantiles<\/p>\n<\/li>\n<li data-start=\"913\" data-end=\"934\">\n<p data-start=\"915\" data-end=\"934\">Regalos creativos<\/p>\n<\/li>\n<li data-start=\"935\" data-end=\"962\">\n<p data-start=\"937\" data-end=\"962\">Manualidades en familia<\/p>\n<\/li>\n<\/ul>\n<p data-start=\"964\" data-end=\"1035\">&#x1f308; <strong data-start=\"967\" data-end=\"987\">Edici\u00f3n limitada<\/strong> con presentaci\u00f3n premium lista para sorprender.<\/p>\n","protected":false},"excerpt":{"rendered":"<p data-start=\"258\" data-end=\"309\">&#x2728; \u00a1Crea tu propia m\u00e1scara y brilla en Carnaval! &#x2728;<\/p>\n<p data-start=\"311\" data-end=\"481\">El <strong data-start=\"314\" data-end=\"360\">Kit de Personalizaci\u00f3n Carnaval ConectArte<\/strong> est\u00e1 dise\u00f1ado para que ni\u00f1os y adultos den rienda suelta a su creatividad y dise\u00f1en accesorios \u00fanicos y llenos de color.<\/p>\n","protected":false},"featured_media":354,"comment_status":"open","ping_status":"closed","template":"","meta":{"_uag_custom_page_level_css":"","site-sidebar-layout":"default","site-content-layout":"","ast-site-content-layout":"default","site-content-style":"default","site-sidebar-style":"default","ast-global-header-display":"","ast-banner-title-visibility":"","ast-main-header-display":"","ast-hfb-above-header-display":"","ast-hfb-below-header-display":"","ast-hfb-mobile-header-display":"","site-post-title":"","ast-breadcrumbs-content":"","ast-featured-img":"","footer-sml-layout":"","ast-disable-related-posts":"","theme-transparent-header-meta":"default","adv-header-id-meta":"","stick-header-meta":"","header-above-stick-meta":"","header-main-stick-meta":"","header-below-stick-meta":"","astra-migrate-meta-layouts":"set","ast-page-background-enabled":"default","ast-page-background-meta":{"desktop":{"background-color":"var(--ast-global-color-5)","background-image":"","background-repeat":"repeat","background-position":"center center","background-size":"auto","background-attachment":"scroll","background-type":"","background-media":"","overlay-type":"","overlay-color":"","overlay-opacity":"","overlay-gradient":""},"tablet":{"background-color":"","background-image":"","background-repeat":"repeat","background-position":"center center","background-size":"auto","background-attachment":"scroll","background-type":"","background-media":"","overlay-type":"","overlay-color":"","overlay-opacity":"","overlay-gradient":""},"mobile":{"background-color":"","background-image":"","background-repeat":"repeat","background-position":"center center","background-size":"auto","background-attachment":"scroll","background-type":"","background-media":"","overlay-type":"","overlay-color":"","overlay-opacity":"","overlay-gradient":""}},"ast-content-background-meta":{"desktop":{"background-color":"var(--ast-global-color-4)","background-image":"","background-repeat":"repeat","background-position":"center center","background-size":"auto","background-attachment":"scroll","background-type":"","background-media":"","overlay-type":"","overlay-color":"","overlay-opacity":"","overlay-gradient":""},"tablet":{"background-color":"var(--ast-global-color-4)","background-image":"","background-repeat":"repeat","background-position":"center center","background-size":"auto","background-attachment":"scroll","background-type":"","background-media":"","overlay-type":"","overlay-color":"","overlay-opacity":"","overlay-gradient":""},"mobile":{"background-color":"var(--ast-global-color-4)","background-image":"","background-repeat":"repeat","background-position":"center center","background-size":"auto","background-attachment":"scroll","background-type":"","background-media":"","overlay-type":"","overlay-color":"","overlay-opacity":"","overlay-gradient":""}}},"product_brand":[],"product_cat":[43],"product_tag":[],"class_list":{"0":"post-355","1":"product","2":"type-product","3":"status-publish","4":"has-post-thumbnail","6":"product_cat-sin-categorizar","7":"desktop-align-left","8":"tablet-align-left","9":"mobile-align-left","11":"first","12":"instock","13":"sale","14":"taxable","15":"shipping-taxable","16":"purchasable","17":"product-type-simple"},"uagb_featured_image_src":{"full":["https:\/\/roxanasaraidetrinidad.fpcei.eu\/wp-content\/uploads\/2026\/02\/Adobe-Express-file.png",920,920,false],"thumbnail":["https:\/\/roxanasaraidetrinidad.fpcei.eu\/wp-content\/uploads\/2026\/02\/Adobe-Express-file-150x150.png",150,150,true],"medium":["https:\/\/roxanasaraidetrinidad.fpcei.eu\/wp-content\/uploads\/2026\/02\/Adobe-Express-file-300x300.png",300,300,true],"medium_large":["https:\/\/roxanasaraidetrinidad.fpcei.eu\/wp-content\/uploads\/2026\/02\/Adobe-Express-file-768x768.png",768,768,true],"large":["https:\/\/roxanasaraidetrinidad.fpcei.eu\/wp-content\/uploads\/2026\/02\/Adobe-Express-file.png",920,920,false],"1536x1536":["https:\/\/roxanasaraidetrinidad.fpcei.eu\/wp-content\/uploads\/2026\/02\/Adobe-Express-file.png",920,920,false],"2048x2048":["https:\/\/roxanasaraidetrinidad.fpcei.eu\/wp-content\/uploads\/2026\/02\/Adobe-Express-file.png",920,920,false],"woocommerce_thumbnail":["https:\/\/roxanasaraidetrinidad.fpcei.eu\/wp-content\/uploads\/2026\/02\/Adobe-Express-file-300x300.png",300,300,true],"woocommerce_single":["https:\/\/roxanasaraidetrinidad.fpcei.eu\/wp-content\/uploads\/2026\/02\/Adobe-Express-file-600x600.png",600,600,true],"woocommerce_gallery_thumbnail":["https:\/\/roxanasaraidetrinidad.fpcei.eu\/wp-content\/uploads\/2026\/02\/Adobe-Express-file-100x100.png",100,100,true]},"uagb_author_info":{"display_name":"admin","author_link":"https:\/\/roxanasaraidetrinidad.fpcei.eu\/?author=0"},"uagb_comment_info":0,"uagb_excerpt":"&#x2728; \u00a1Crea tu propia m\u00e1scara y brilla en Carnaval! &#x2728; El Kit de Personalizaci\u00f3n Carnaval ConectArte est\u00e1 dise\u00f1ado para que ni\u00f1os y adultos den rienda suelta a su creatividad y dise\u00f1en accesorios \u00fanicos y llenos de color.","_links":{"self":[{"href":"https:\/\/roxanasaraidetrinidad.fpcei.eu\/index.php?rest_route=\/wp\/v2\/product\/355","targetHints":{"allow":["GET"]}}],"collection":[{"href":"https:\/\/roxanasaraidetrinidad.fpcei.eu\/index.php?rest_route=\/wp\/v2\/product"}],"about":[{"href":"https:\/\/roxanasaraidetrinidad.fpcei.eu\/index.php?rest_route=\/wp\/v2\/types\/product"}],"replies":[{"embeddable":true,"href":"https:\/\/roxanasaraidetrinidad.fpcei.eu\/index.php?rest_route=%2Fwp%2Fv2%2Fcomments&post=355"}],"wp:featuredmedia":[{"embeddable":true,"href":"https:\/\/roxanasaraidetrinidad.fpcei.eu\/index.php?rest_route=\/wp\/v2\/media\/354"}],"wp:attachment":[{"href":"https:\/\/roxanasaraidetrinidad.fpcei.eu\/index.php?rest_route=%2Fwp%2Fv2%2Fmedia&parent=355"}],"wp:term":[{"taxonomy":"product_brand","embeddable":true,"href":"https:\/\/roxanasaraidetrinidad.fpcei.eu\/index.php?rest_route=%2Fwp%2Fv2%2Fproduct_brand&post=355"},{"taxonomy":"product_cat","embeddable":true,"href":"https:\/\/roxanasaraidetrinidad.fpcei.eu\/index.php?rest_route=%2Fwp%2Fv2%2Fproduct_cat&post=355"},{"taxonomy":"product_tag","embeddable":true,"href":"https:\/\/roxanasaraidetrinidad.fpcei.eu\/index.php?rest_route=%2Fwp%2Fv2%2Fproduct_tag&post=355"}],"curies":[{"name":"wp","href":"https:\/\/api.w.org\/{rel}","templated":true}]}}